{"id":198,"date":"2020-12-17T12:54:40","date_gmt":"2020-12-17T12:54:40","guid":{"rendered":"https:\/\/www.xmartwebapi.com\/?page_id=198"},"modified":"2020-12-17T13:00:02","modified_gmt":"2020-12-17T13:00:02","slug":"xwa-contact-form","status":"publish","type":"page","link":"https:\/\/www.xmartwebapi.com\/pl\/xwa-contact-form\/","title":{"rendered":"Kontakt"},"content":{"rendered":"<p><\/p>\n\n\n\n<div class=\"wp-block-image is-style-default\"><figure class=\"alignleft size-large is-resized\"><img loading=\"lazy\" src=\"https:\/\/www.xmartwebapi.com\/wp-content\/uploads\/2020\/11\/site_logo.png\" alt=\"Xmart Contact image\" class=\"wp-image-70\" width=\"128\" height=\"128\" srcset=\"https:\/\/www.xmartwebapi.com\/wp-content\/uploads\/2020\/11\/site_logo.png 512w, https:\/\/www.xmartwebapi.com\/wp-content\/uploads\/2020\/11\/site_logo-300x300.png 300w, https:\/\/www.xmartwebapi.com\/wp-content\/uploads\/2020\/11\/site_logo-150x150.png 150w, https:\/\/www.xmartwebapi.com\/wp-content\/uploads\/2020\/11\/site_logo-12x12.png 12w\" sizes=\"(max-width: 128px) 100vw, 128px\" \/><\/figure><\/div>\n\n\n\n<p>W przypadku jakichkolwiek pyta\u0144 odno\u015bnie Xmart Web Api, prosimy o u\u017cycie poni\u017cszego formularza kontaktu.<\/p>\n\n\n\n<p>Zach\u0119camy tak\u017ce do uprzedniego zapoznania si\u0119 ze stron\u0105 <a href=\"https:\/\/www.xmartwebapi.com\/pl\/qa-xwa-faq\/\" target=\"_blank\" rel=\"noreferrer noopener\">Q&amp;A<\/a> , gdzie umieszczono odpowiedzi na najcz\u0119\u015bciej zadawane pytania.<\/p>\n\n\n\n<p>Odwied\u017a nas na: <a href=\"https:\/\/xmart.pl\" target=\"_blank\" rel=\"noreferrer noopener\">https:\/\/xmart.pl<\/a><\/p>\n\n\n<div class=\"wpforms-container wpforms-container-full\" id=\"wpforms-200\"><form id=\"wpforms-form-200\" class=\"wpforms-validate wpforms-form\" data-formid=\"200\" method=\"post\" enctype=\"multipart\/form-data\" action=\"\/pl\/wp-json\/wp\/v2\/pages\/198\" data-token=\"6a9a1d961c1a67e16717757b19ee73a1\" data-trp-original-action=\"\/pl\/wp-json\/wp\/v2\/pages\/198\"><noscript class=\"wpforms-error-noscript\">Please enable JavaScript in your browser to complete this form.<\/noscript><div class=\"wpforms-field-container\"><div id=\"wpforms-200-field_1-container\" class=\"wpforms-field wpforms-field-email\" data-field-id=\"1\"><label class=\"wpforms-field-label\" for=\"wpforms-200-field_1\">Email <span class=\"wpforms-required-label\">*<\/span><\/label><input type=\"email\" id=\"wpforms-200-field_1\" class=\"wpforms-field-medium wpforms-field-required\" data-rule-restricted-email=\"1\" name=\"wpforms[fields][1]\" required><\/div><div id=\"wpforms-200-field_0-container\" class=\"wpforms-field wpforms-field-name\" data-field-id=\"0\"><label class=\"wpforms-field-label\" for=\"wpforms-200-field_0\">Imi\u0119 <span class=\"wpforms-required-label\">*<\/span><\/label><input type=\"text\" id=\"wpforms-200-field_0\" class=\"wpforms-field-medium wpforms-field-required\" name=\"wpforms[fields][0]\" required><\/div><div id=\"wpforms-200-field_2-container\" class=\"wpforms-field wpforms-field-textarea\" data-field-id=\"2\"><label class=\"wpforms-field-label\" for=\"wpforms-200-field_2\">Komentarz lub wiadomo\u015b\u0107: <span class=\"wpforms-required-label\">*<\/span><\/label><textarea id=\"wpforms-200-field_2\" class=\"wpforms-field-medium wpforms-field-required\" name=\"wpforms[fields][2]\" required><\/textarea><\/div><\/div><div class=\"wpforms-recaptcha-container wpforms-is-recaptcha\"><div class=\"g-recaptcha\" data-sitekey=\"6Ld7OgoaAAAAADeW4CNCziKYKhB7BIU8flauu4um\"><\/div><input type=\"text\" name=\"g-recaptcha-hidden\" class=\"wpforms-recaptcha-hidden\" style=\"position:absolute!important;clip:rect(0,0,0,0)!important;height:1px!important;width:1px!important;border:0!important;overflow:hidden!important;padding:0!important;margin:0!important;\" required><\/div><div class=\"wpforms-submit-container\"><input type=\"hidden\" name=\"wpforms[id]\" value=\"200\"><input type=\"hidden\" name=\"wpforms[author]\" value=\"1\"><button type=\"submit\" name=\"wpforms[submit]\" id=\"wpforms-submit-200\" class=\"wpforms-submit\" data-alt-text=\"Sending...\" data-submit-text=\"Submit\" aria-live=\"assertive\" value=\"wpforms-submit\">Wy\u015blij<\/button><\/div><input type=\"hidden\" name=\"trp-form-language\" value=\"pl\"\/><\/form><\/div>  <!-- .wpforms-container -->\n\n\n<p><\/p>","protected":false},"excerpt":{"rendered":"<p>Should you have any questions related to Xmart Web Api, feel free to contact us with below form. Before making contact, you can also review our Q&amp;A page, were frequently asked questions are already answered. Visit us at https:\/\/xmart.pl<\/p>","protected":false},"author":1,"featured_media":0,"parent":0,"menu_order":0,"comment_status":"closed","ping_status":"closed","template":"","meta":[],"yoast_head":"<!-- This site is optimized with the Yoast SEO plugin v15.5 - https:\/\/yoast.com\/wordpress\/plugins\/seo\/ -->\r\n<title>Contact - XmartWebApi - you can ask your questions here<\/title>\r\n<meta name=\"description\" content=\"Please let us know if you have any questions related to Xmart Web Api. Fell free to contact us if you are interested with Xwa.\" \/>\r\n<meta name=\"robots\" content=\"index, follow, max-snippet:-1, max-image-preview:large, max-video-preview:-1\" \/>\r\n<link rel=\"canonical\" href=\"https:\/\/www.xmartwebapi.com\/pl\/xwa-contact-form\/\" \/>\r\n<meta property=\"og:locale\" content=\"pl_PL\" \/>\r\n<meta property=\"og:type\" content=\"article\" \/>\r\n<meta property=\"og:title\" content=\"Contact - XmartWebApi - you can ask your questions here\" \/>\r\n<meta property=\"og:description\" content=\"Please let us know if you have any questions related to Xmart Web Api. Fell free to contact us if you are interested with Xwa.\" \/>\r\n<meta property=\"og:url\" content=\"https:\/\/www.xmartwebapi.com\/pl\/xwa-contact-form\/\" \/>\r\n<meta property=\"og:site_name\" content=\"XmartWebApi\" \/>\r\n<meta property=\"article:modified_time\" content=\"2020-12-17T13:00:02+00:00\" \/>\r\n<meta property=\"og:image\" content=\"https:\/\/www.xmartwebapi.com\/wp-content\/uploads\/2020\/11\/site_logo.png\" \/>\r\n<meta name=\"twitter:card\" content=\"summary_large_image\" \/>\r\n<meta name=\"twitter:label1\" content=\"Est. reading time\">\n\t<meta name=\"twitter:data1\" content=\"0 minut\">\r\n<script type=\"application\/ld+json\" class=\"yoast-schema-graph\">{\"@context\":\"https:\/\/schema.org\",\"@graph\":[{\"@type\":\"WebSite\",\"@id\":\"https:\/\/www.xmartwebapi.com\/#website\",\"url\":\"https:\/\/www.xmartwebapi.com\/\",\"name\":\"XmartWebApi\",\"description\":\"Move your VBA solutions to the cloud\",\"potentialAction\":[{\"@type\":\"SearchAction\",\"target\":\"https:\/\/www.xmartwebapi.com\/?s={search_term_string}\",\"query-input\":\"required name=search_term_string\"}],\"inLanguage\":\"pl-PL\"},{\"@type\":\"ImageObject\",\"@id\":\"https:\/\/www.xmartwebapi.com\/xwa-contact-form\/#primaryimage\",\"inLanguage\":\"pl-PL\",\"url\":\"https:\/\/www.xmartwebapi.com\/wp-content\/uploads\/2020\/11\/site_logo.png\",\"width\":512,\"height\":512,\"caption\":\"Xwa Site Logo\"},{\"@type\":[\"WebPage\",\"ContactPage\"],\"@id\":\"https:\/\/www.xmartwebapi.com\/xwa-contact-form\/#webpage\",\"url\":\"https:\/\/www.xmartwebapi.com\/xwa-contact-form\/\",\"name\":\"Contact - XmartWebApi - you can ask your questions here\",\"isPartOf\":{\"@id\":\"https:\/\/www.xmartwebapi.com\/#website\"},\"primaryImageOfPage\":{\"@id\":\"https:\/\/www.xmartwebapi.com\/xwa-contact-form\/#primaryimage\"},\"datePublished\":\"2020-12-17T12:54:40+00:00\",\"dateModified\":\"2020-12-17T13:00:02+00:00\",\"description\":\"Please let us know if you have any questions related to Xmart Web Api. Fell free to contact us if you are interested with Xwa.\",\"inLanguage\":\"pl-PL\",\"potentialAction\":[{\"@type\":\"ReadAction\",\"target\":[\"https:\/\/www.xmartwebapi.com\/xwa-contact-form\/\"]}]}]}<\/script>\r\n<!-- \/ Yoast SEO plugin. -->","_links":{"self":[{"href":"https:\/\/www.xmartwebapi.com\/pl\/wp-json\/wp\/v2\/pages\/198"}],"collection":[{"href":"https:\/\/www.xmartwebapi.com\/pl\/wp-json\/wp\/v2\/pages"}],"about":[{"href":"https:\/\/www.xmartwebapi.com\/pl\/wp-json\/wp\/v2\/types\/page"}],"author":[{"embeddable":true,"href":"https:\/\/www.xmartwebapi.com\/pl\/wp-json\/wp\/v2\/users\/1"}],"replies":[{"embeddable":true,"href":"https:\/\/www.xmartwebapi.com\/pl\/wp-json\/wp\/v2\/comments?post=198"}],"version-history":[{"count":3,"href":"https:\/\/www.xmartwebapi.com\/pl\/wp-json\/wp\/v2\/pages\/198\/revisions"}],"predecessor-version":[{"id":204,"href":"https:\/\/www.xmartwebapi.com\/pl\/wp-json\/wp\/v2\/pages\/198\/revisions\/204"}],"wp:attachment":[{"href":"https:\/\/www.xmartwebapi.com\/pl\/wp-json\/wp\/v2\/media?parent=198"}],"curies":[{"name":"wp","href":"https:\/\/api.w.org\/{rel}","templated":true}]}}